{"id":405,"date":"2014-06-09T02:57:09","date_gmt":"2014-06-09T02:57:09","guid":{"rendered":"http:\/\/nmt82.joomexp.com\/wp-nuvo\/?page_id=2"},"modified":"2025-12-06T11:38:07","modified_gmt":"2025-12-06T11:38:07","slug":"sample-page-2","status":"publish","type":"page","link":"https:\/\/acilagroupe.com\/","title":{"rendered":"Home"},"content":{"rendered":"<div class=\"wpb-content-wrapper\"><p>[vc_row full_width=\u00a0\u00bbstretch_row\u00a0\u00bb css=\u00a0\u00bb.vc_custom_1764851494594{background-color: #013E8B !important;}\u00a0\u00bb][vc_column width=\u00a0\u00bb1\/2&Prime;]<div class=\"cz_gap clr \" style=\"height: 50px\"><\/div><div id=\"cz_84501\" class=\"cz_84501 cz_title clr cz_title_pos_inline\"><div class=\"cz_title_content\"><div class=\"cz_wpe_content\"><h2><span style=\"color: #ffffff;\">Qui sommes-nous<\/span><\/h2>\n<\/div><\/div><\/div><div class=\"cz_gap clr \" style=\"height: 50px\"><\/div>[vc_column_text css=\u00a0\u00bb\u00a0\u00bb]<span style=\"color: #ffffff;\"><strong>Acila Gepaco<\/strong> a \u00e9t\u00e9 fond\u00e9e \u00e0 Annaba, en Alg\u00e9rie, en janvier 2016. Sp\u00e9cialis\u00e9e dans la production de Halwa Tahinia sous la marque \u00ab Shehrazad \u00bb, appartenant \u00e0 la soci\u00e9t\u00e9 Sokapod du groupe Polinacom, elle excelle dans l\u2019art ancien, unique et soigneusement ma\u00eetris\u00e9 de la pr\u00e9paration de la Halwa Tahinia.<\/span><\/p>\n<p><span style=\"color: #ffffff;\">La fabrication de la Halwa Tahinia Shehrazad repose sur un savoir-faire ancien, unique et soigneusement ma\u00eetris\u00e9 : un assortiment et un choix d\u2019ingr\u00e9dients purs sont d\u00e9licatement ajout\u00e9s \u00e0 une fine s\u00e9lection de graines de s\u00e9same aux riches vertus, dans un secret de fabrication f\u00e9erique que nous pr\u00e9servons avec pr\u00e9ciosit\u00e9. Ainsi, nous vous offrons les douceurs et confiseries orientales les plus authentiques.<\/span><\/p>\n<p><span style=\"color: #ffffff;\">Aujourd\u2019hui, les douceurs varient, et la gamme moderne de \u00ab Shehrazad \u00bb s\u2019adapte et se diversifie pour le plus grand plaisir de ses fid\u00e8les, offrant des m\u00e9langes subtils de fruits secs et des bienfaits magiques pour l\u2019organisme.<\/span><\/p>\n<p><span style=\"color: #ffffff;\">Pour Shehrazad, c\u2019est un d\u00e9fi : conjuguer avec passion la double exigence de l\u2019existence, \u00e0 savoir le savoir-faire et l\u2019amour de l\u2019art.<\/span>[\/vc_column_text][\/vc_column][vc_column width=\u00a0\u00bb1\/2&Prime;]<div class=\"cz_gap clr \" style=\"height: 150px\"><\/div><div id=\"cz_99655\" class=\"cz_99655 cz_image clr cz_image_no_fx center_on_mobile\"><div class=\"\" ><div class=\"cz_image_in\"><div class=\"cz_main_image\"><img decoding=\"async\" width=\"755\" height=\"504\" src=\"data:image\/svg+xml,%3Csvg%20xmlns%3D&#39;http%3A%2F%2Fwww.w3.org%2F2000%2Fsvg&#39;%20width=&#39;755&#39;%20height=&#39;504&#39;%20viewBox%3D&#39;0%200%20755%20504&#39;%2F%3E\" data-czlz data-src=\"https:\/\/acilagroupe.com\/wp-content\/uploads\/2025\/12\/cover.png\" class=\"attachment-full\" alt=\"\" title=\"cover\" data-srcset=\"https:\/\/acilagroupe.com\/wp-content\/uploads\/2025\/12\/cover.png 755w, https:\/\/acilagroupe.com\/wp-content\/uploads\/2025\/12\/cover-300x200.png 300w, https:\/\/acilagroupe.com\/wp-content\/uploads\/2025\/12\/cover-600x401.png 600w\" data-sizes=\"(max-width: 755px) 100vw, 755px\" \/><\/div><\/div><\/div><\/div>[\/vc_column][\/vc_row][vc_row full_width=\u00a0\u00bbstretch_row\u00a0\u00bb bg_type=\u00a0\u00bbimage\u00a0\u00bb parallax_style=\u00a0\u00bbvcpb-vz-jquery\u00a0\u00bb bg_image_new=\u00a0\u00bbid^1917|url^http:\/\/carthage-tech.net\/test\/shehrazad\/wp-content\/uploads\/sites\/86\/2014\/06\/1-1168&#215;657.jpg|caption^null|alt^null|title^1-1168&#215;657|description^null\u00a0\u00bb fadeout_row=\u00a0\u00bbfadeout_row_value\u00a0\u00bb el_class=\u00a0\u00bbtitle-center title-large\u00a0\u00bb css=\u00a0\u00bb.vc_custom_1764854976986{margin-bottom: 0px !important;background-image: url(https:\/\/acilagroupe.com\/wp-content\/uploads\/2025\/12\/1-1168&#215;657-1.jpg?id=2112) !important;background-position: center !important;background-repeat: no-repeat !important;background-size: cover !important;}\u00a0\u00bb][vc_column]<div class=\"cz_gap clr \" style=\"height: 100px\"><\/div>[vc_row_inner][vc_column_inner width=\u00a0\u00bb1\/5&Prime;][\/vc_column_inner][vc_column_inner width=\u00a0\u00bb3\/5&Prime;][vc_column_text css=\u00a0\u00bb\u00a0\u00bb]<\/p>\n<h1 style=\"text-align: center; font-size: 80px; line-height: 22px;\"><span style=\"color: #e44910; font-weight: 400;\">D\u00e9couvrir<\/span><\/h1>\n<p>&nbsp;<\/p>\n<p style=\"text-align: center;\"><span style=\"font-size: 30px;\">Toutes les nouveaut\u00e9s, les actualit\u00e9s et les \u00e9v\u00e9nements en continu pour ne rien rater et rester toujours informer.<\/span><\/p>\n<p>[\/vc_column_text][\/vc_column_inner][vc_column_inner width=\u00a0\u00bb1\/5&Prime;][\/vc_column_inner][\/vc_row_inner]<div class=\"cz_gap clr \" style=\"height: 50px\"><\/div><div id=\"cz_51681\" class=\"cz_51681\"><div class=\"cz_grid cz_grid_1 clr cz_grid_c3 cz_grid_1_no_icon cz_grid_1_no_desc cz_grid_1_bot tal\" data-atts='{\"action\":\"cz_ajax_posts\",\"post_class\":\"cz_grid_item\",\"post__in\":null,\"author__in\":null,\"nonce\":\"ad7ab0a9af\",\"nonce_id\":\"cz_51681\",\"loadmore_end\":\"Not found more posts\",\"layout\":\"cz_grid_c3\",\"hover\":\"cz_grid_1_no_icon cz_grid_1_no_desc\",\"image_size\":\"460x305 !important\",\"subtitles\":\"%5B%7B%22t%22%3A%22date%22%7D%5D\",\"subtitle_pos\":\"\",\"icon\":\"fa fa-search\",\"el\":\"\",\"title_lenght\":\"\",\"cat_tax\":\"category\",\"cat\":\"1\",\"cat_exclude\":\"\",\"tag_tax\":\"post_tag\",\"tag_id\":\"\",\"tag_exclude\":\"\",\"post_type\":\"post\",\"posts_per_page\":\"\",\"order\":\"DESC\",\"orderby\":\"date\",\"tilt_data\":null,\"svg_sizes\":[\"0\",\"0\"],\"img_fx\":\"\",\"custom_size\":\"460x305 !important\",\"excerpt_rm\":false,\"title_tag\":\"h3\",\"s\":\"\"}'><div class=\"cz_grid_item cz_grid_first\"><\/div><div data-id=\"105\" class=\"cz_grid_item  cz_posts_list_even 105 post-105 post type-post status-publish format-gallery has-post-thumbnail hentry category-uncategorized post_format-post-format-gallery\"><div class=\"clr\"><a class=\"cz_grid_link\" href=\"https:\/\/acilagroupe.com\/?p=105\" title=\"Nouveaut\u00e9 : Shehrazad Light\"><img decoding=\"async\" class=\"\" src=\"data:image\/svg+xml,%3Csvg%20xmlns%3D&#39;http%3A%2F%2Fwww.w3.org%2F2000%2Fsvg&#39;%20width=&#39;460&#39;%20height=&#39;305&#39;%20viewBox%3D&#39;0%200%20460%20305&#39;%2F%3E\" data-czlz data-src=\"https:\/\/acilagroupe.com\/wp-content\/uploads\/2014\/06\/1764856300-fb2dfb22-460x305.jpg\" width=\"460\" height=\"305\" alt=\"1764856300-fb2dfb22\" title=\"1764856300-fb2dfb22\" \/><div class=\"cz_grid_details\"><i class=\"fa fa-search cz_grid_icon\"><\/i><h3>Nouveaut\u00e9 : Shehrazad Light<\/h3><small class=\"clr\"><span class=\"cz_post_data cz_data_date\">juin 14, 2014<\/span><\/small><\/div><\/a><\/div><\/div><div data-id=\"76\" class=\"cz_grid_item  cz_posts_list_odd 76 post-76 post type-post status-publish format-gallery has-post-thumbnail hentry category-uncategorized post_format-post-format-gallery\"><div class=\"clr\"><a class=\"cz_grid_link\" href=\"https:\/\/acilagroupe.com\/?p=76\" title=\"Nouvelle gamme\"><img decoding=\"async\" class=\"\" src=\"data:image\/svg+xml,%3Csvg%20xmlns%3D&#39;http%3A%2F%2Fwww.w3.org%2F2000%2Fsvg&#39;%20width=&#39;460&#39;%20height=&#39;305&#39;%20viewBox%3D&#39;0%200%20460%20305&#39;%2F%3E\" data-czlz data-src=\"https:\/\/acilagroupe.com\/wp-content\/uploads\/2014\/06\/plastique1-460x305.jpg\" width=\"460\" height=\"305\" alt=\"plastique(1)\" title=\"plastique(1)\" \/><div class=\"cz_grid_details\"><i class=\"fa fa-search cz_grid_icon\"><\/i><h3>Nouvelle gamme<\/h3><small class=\"clr\"><span class=\"cz_post_data cz_data_date\">juin 12, 2014<\/span><\/small><\/div><\/a><\/div><\/div><div data-id=\"415\" class=\"cz_grid_item  cz_posts_list_even 415 post-415 post type-post status-publish format-standard has-post-thumbnail hentry category-uncategorized\"><div class=\"clr\"><a class=\"cz_grid_link\" href=\"https:\/\/acilagroupe.com\/?p=415\" title=\"Activit\u00e9s\"><img decoding=\"async\" class=\"\" src=\"data:image\/svg+xml,%3Csvg%20xmlns%3D&#39;http%3A%2F%2Fwww.w3.org%2F2000%2Fsvg&#39;%20width=&#39;460&#39;%20height=&#39;305&#39;%20viewBox%3D&#39;0%200%20460%20305&#39;%2F%3E\" data-czlz data-src=\"https:\/\/acilagroupe.com\/wp-content\/uploads\/2014\/06\/gulfood-460x305.jpg\" width=\"460\" height=\"305\" alt=\"gulfood\" title=\"gulfood\" \/><div class=\"cz_grid_details\"><i class=\"fa fa-search cz_grid_icon\"><\/i><h3>Activit\u00e9s<\/h3><small class=\"clr\"><span class=\"cz_post_data cz_data_date\">juin 9, 2014<\/span><\/small><\/div><\/a><\/div><\/div><\/div><\/div><div class=\"cz_gap clr \" style=\"height: 50px\"><\/div>[\/vc_column][\/vc_row][vc_row full_width=\u00a0\u00bbstretch_row\u00a0\u00bb bg_type=\u00a0\u00bbimage\u00a0\u00bb bg_override=\u00a0\u00bbex-full\u00a0\u00bb css=\u00a0\u00bb.vc_custom_1764855719804{padding-top: 15px !important;background-image: url(https:\/\/acilagroupe.com\/wp-content\/uploads\/2025\/12\/Fond.jpg?id=2136) !important;background-position: center !important;background-repeat: no-repeat !important;background-size: cover !important;}\u00a0\u00bb][vc_column][vc_row_inner][vc_column_inner width=\u00a0\u00bb1\/2&Prime;]<div id=\"cz_67310\" class=\"cz_67310 cz_title clr cz_title_pos_inline\"><div class=\"cz_title_content\"><div class=\"cz_wpe_content\"><h1><span style=\"font-weight: 400;\">Faites-vous plaisir<\/span><\/h1>\n<\/div><\/div><\/div>[vc_column_text css=\u00a0\u00bb\u00a0\u00bb]<\/p>\n<p style=\"text-align: center;\"><span style=\"font-size: 22px;\">Shehrazad vous propose avec ces produits, des recettes de cuisine faciles \u00e0 r\u00e9aliser et rapides pour r\u00e9ussir \u00e0 tous les coups vos desserts.<\/span><\/p>\n<p>[\/vc_column_text][\/vc_column_inner][vc_column_inner width=\u00a0\u00bb1\/2&Prime;][\/vc_column_inner][\/vc_row_inner][vc_row_inner][vc_column_inner]<div id=\"cz_86861\" class=\"cz_86861\"><div class=\"cz_grid cz_grid_1 clr cz_grid_c3 cz_grid_1_no_icon cz_grid_1_no_desc cz_grid_1_mid tac cz_meta_all_center\" data-atts='{\"action\":\"cz_ajax_posts\",\"post_class\":\"cz_grid_item\",\"post__in\":null,\"author__in\":null,\"nonce\":\"e9e80093fe\",\"nonce_id\":\"cz_86861\",\"loadmore_end\":\"Not found more posts\",\"layout\":\"cz_grid_c3\",\"hover\":\"cz_grid_1_no_icon cz_grid_1_no_desc\",\"image_size\":\"460x305\",\"subtitles\":\"%5B%7B%22t%22%3A%22date%22%7D%5D\",\"subtitle_pos\":\"\",\"icon\":\"fas fa-circle-plus\",\"el\":\"\",\"title_lenght\":\"\",\"cat_tax\":\"category\",\"cat\":\"11\",\"cat_exclude\":\"\",\"tag_tax\":\"post_tag\",\"tag_id\":\"\",\"tag_exclude\":\"\",\"post_type\":\"post\",\"posts_per_page\":\"\",\"order\":\"DESC\",\"orderby\":\"date\",\"tilt_data\":null,\"svg_sizes\":[\"0\",\"0\"],\"img_fx\":\"\",\"custom_size\":\"460x305\",\"excerpt_rm\":false,\"title_tag\":\"h3\",\"s\":\"\"}'><div class=\"cz_grid_item cz_grid_first\"><\/div><div data-id=\"1985\" class=\"cz_grid_item  cz_posts_list_even 1985 post-1985 post type-post status-publish format-standard has-post-thumbnail hentry category-recettes\"><div class=\"clr\"><a class=\"cz_grid_link\" href=\"https:\/\/acilagroupe.com\/?p=1985\" title=\"Moelleux\"><img decoding=\"async\" class=\"\" src=\"data:image\/svg+xml,%3Csvg%20xmlns%3D&#39;http%3A%2F%2Fwww.w3.org%2F2000%2Fsvg&#39;%20width=&#39;460&#39;%20height=&#39;305&#39;%20viewBox%3D&#39;0%200%20460%20305&#39;%2F%3E\" data-czlz data-src=\"https:\/\/acilagroupe.com\/wp-content\/uploads\/2025\/12\/moelleux-460x305.jpg\" width=\"460\" height=\"305\" alt=\"moelleux\" title=\"moelleux\" \/><div class=\"cz_grid_details\"><i class=\"fas fa-circle-plus cz_grid_icon\"><\/i><h3>Moelleux<\/h3><small class=\"clr\"><span class=\"cz_post_data cz_data_date\">d\u00e9cembre 3, 2025<\/span><\/small><\/div><\/a><\/div><\/div><div data-id=\"1983\" class=\"cz_grid_item  cz_posts_list_odd 1983 post-1983 post type-post status-publish format-standard has-post-thumbnail hentry category-recettes\"><div class=\"clr\"><a class=\"cz_grid_link\" href=\"https:\/\/acilagroupe.com\/?p=1983\" title=\"G\u00e2teau\"><img decoding=\"async\" class=\"\" src=\"data:image\/svg+xml,%3Csvg%20xmlns%3D&#39;http%3A%2F%2Fwww.w3.org%2F2000%2Fsvg&#39;%20width=&#39;460&#39;%20height=&#39;305&#39;%20viewBox%3D&#39;0%200%20460%20305&#39;%2F%3E\" data-czlz data-src=\"https:\/\/acilagroupe.com\/wp-content\/uploads\/2025\/12\/gateau-sans-cuisson-460x305.jpg\" width=\"460\" height=\"305\" alt=\"gateau-sans-cuisson\" title=\"gateau-sans-cuisson\" \/><div class=\"cz_grid_details\"><i class=\"fas fa-circle-plus cz_grid_icon\"><\/i><h3>G\u00e2teau<\/h3><small class=\"clr\"><span class=\"cz_post_data cz_data_date\">d\u00e9cembre 3, 2025<\/span><\/small><\/div><\/a><\/div><\/div><div data-id=\"1981\" class=\"cz_grid_item  cz_posts_list_even 1981 post-1981 post type-post status-publish format-standard has-post-thumbnail hentry category-recettes\"><div class=\"clr\"><a class=\"cz_grid_link\" href=\"https:\/\/acilagroupe.com\/?p=1981\" title=\"Petit d\u00e9jeuner &#8211; go\u00fbter\"><img decoding=\"async\" class=\"\" src=\"data:image\/svg+xml,%3Csvg%20xmlns%3D&#39;http%3A%2F%2Fwww.w3.org%2F2000%2Fsvg&#39;%20width=&#39;460&#39;%20height=&#39;305&#39;%20viewBox%3D&#39;0%200%20460%20305&#39;%2F%3E\" data-czlz data-src=\"https:\/\/acilagroupe.com\/wp-content\/uploads\/2025\/12\/IMG_0029__MG_4036.JPG-460x305.jpg\" width=\"460\" height=\"305\" alt=\"IMG_0029__MG_4036.JPG\" title=\"IMG_0029__MG_4036.JPG\" \/><div class=\"cz_grid_details\"><i class=\"fas fa-circle-plus cz_grid_icon\"><\/i><h3>Petit d\u00e9jeuner &#8211; go\u00fbter<\/h3><small class=\"clr\"><span class=\"cz_post_data cz_data_date\">d\u00e9cembre 3, 2025<\/span><\/small><\/div><\/a><\/div><\/div><\/div><\/div>[\/vc_column_inner][\/vc_row_inner][\/vc_column][\/vc_row]<\/p>\n<\/div>","protected":false},"excerpt":{"rendered":"<p>[vc_row full_width=\u00a0\u00bbstretch_row\u00a0\u00bb css=\u00a0\u00bb.vc_custom_1764851494594{background-color: #013E8B !important;}\u00a0\u00bb][vc_column width=\u00a0\u00bb1\/2&Prime;][vc_column_text css=\u00a0\u00bb\u00a0\u00bb]Acila Gepaco a \u00e9t\u00e9 fond\u00e9e \u00e0 Annaba, en Alg\u00e9rie, en janvier 2016. Sp\u00e9cialis\u00e9e dans la production de Halwa Tahinia sous la marque \u00ab Shehrazad \u00bb, appartenant \u00e0 la soci\u00e9t\u00e9 Sokapod du groupe Polinacom, elle excelle dans l\u2019art ancien, unique et soigneusement ma\u00eetris\u00e9 de la pr\u00e9paration de la Halwa Tahinia. La fabrication de la Halwa Tahinia Shehrazad repose sur un savoir-faire ancien, unique et soigneusement ma\u00eetris\u00e9 : un assortiment et un choix d\u2019ingr\u00e9dients purs sont d\u00e9licatement ajout\u00e9s \u00e0 une fine s\u00e9lection de graines de s\u00e9same aux riches vertus, dans un secret de fabrication f\u00e9erique que nous pr\u00e9servons avec pr\u00e9ciosit\u00e9. Ainsi, nous vous offrons les douceurs et confiseries orientales les plus authentiques. Aujourd\u2019hui, les douceurs varient, et la gamme moderne de \u00ab Shehrazad \u00bb s\u2019adapte et se diversifie pour le plus grand plaisir de ses fid\u00e8les, offrant des m\u00e9langes subtils de fruits secs et des bienfaits magiques pour l\u2019organisme. Pour Shehrazad, c\u2019est un d\u00e9fi : conjuguer avec passion la double exigence de l\u2019existence, \u00e0 savoir le savoir-faire et l\u2019amour de l\u2019art.[\/vc_column_text][\/vc_column][vc_column width=\u00a0\u00bb1\/2&Prime;][\/vc_column][\/vc_row][vc_row full_width=\u00a0\u00bbstretch_row\u00a0\u00bb bg_type=\u00a0\u00bbimage\u00a0\u00bb parallax_style=\u00a0\u00bbvcpb-vz-jquery\u00a0\u00bb bg_image_new=\u00a0\u00bbid^1917|url^http:\/\/carthage-tech.net\/test\/shehrazad\/wp-content\/uploads\/sites\/86\/2014\/06\/1-1168&#215;657.jpg|caption^null|alt^null|title^1-1168&#215;657|description^null\u00a0\u00bb fadeout_row=\u00a0\u00bbfadeout_row_value\u00a0\u00bb el_class=\u00a0\u00bbtitle-center title-large\u00a0\u00bb css=\u00a0\u00bb.vc_custom_1764854976986{margin-bottom: 0px !important;background-image: url(https:\/\/acilagroupe.com\/wp-content\/uploads\/2025\/12\/1-1168&#215;657-1.jpg?id=2112) !important;background-position: center !important;background-repeat: no-repeat !important;background-size: cover !important;}\u00a0\u00bb][vc_column][vc_row_inner][vc_column_inner width=\u00a0\u00bb1\/5&Prime;][\/vc_column_inner][vc_column_inner width=\u00a0\u00bb3\/5&Prime;][vc_column_text css=\u00a0\u00bb\u00a0\u00bb] D\u00e9couvrir &nbsp; Toutes les nouveaut\u00e9s, les actualit\u00e9s et les \u00e9v\u00e9nements en continu pour ne rien rater et rester toujours informer. [\/vc_column_text][\/vc_column_inner][vc_column_inner width=\u00a0\u00bb1\/5&Prime;][\/vc_column_inner][\/vc_row_inner][\/vc_column][\/vc_row][vc_row full_width=\u00a0\u00bbstretch_row\u00a0\u00bb bg_type=\u00a0\u00bbimage\u00a0\u00bb bg_override=\u00a0\u00bbex-full\u00a0\u00bb css=\u00a0\u00bb.vc_custom_1764855719804{padding-top: 15px !important;background-image: url(https:\/\/acilagroupe.com\/wp-content\/uploads\/2025\/12\/Fond.jpg?id=2136) !important;background-position: center !important;background-repeat: no-repeat !important;background-size: cover !important;}\u00a0\u00bb][vc_column][vc_row_inner][vc_column_inner width=\u00a0\u00bb1\/2&Prime;][vc_column_text css=\u00a0\u00bb\u00a0\u00bb] Shehrazad vous propose avec ces produits, des recettes de cuisine faciles \u00e0 r\u00e9aliser et rapides pour r\u00e9ussir \u00e0 tous les coups vos desserts. [\/vc_column_text][\/vc_column_inner][vc_column_inner &#8230; <a class=\"cz_readmore\" href=\"https:\/\/acilagroupe.com\/?p=1981\"><i class=\"fa fa-angle-right\" aria-hidden=\"true\"><\/i><span>Read More<\/span><\/a><\/p>\n","protected":false},"author":1,"featured_media":0,"parent":0,"menu_order":0,"comment_status":"closed","ping_status":"open","template":"","meta":{"footnotes":""},"class_list":["post-405","page","type-page","status-publish","hentry"],"_links":{"self":[{"href":"https:\/\/acilagroupe.com\/index.php?rest_route=\/wp\/v2\/pages\/405","targetHints":{"allow":["GET"]}}],"collection":[{"href":"https:\/\/acilagroupe.com\/index.php?rest_route=\/wp\/v2\/pages"}],"about":[{"href":"https:\/\/acilagroupe.com\/index.php?rest_route=\/wp\/v2\/types\/page"}],"author":[{"embeddable":true,"href":"https:\/\/acilagroupe.com\/index.php?rest_route=\/wp\/v2\/users\/1"}],"replies":[{"embeddable":true,"href":"https:\/\/acilagroupe.com\/index.php?rest_route=%2Fwp%2Fv2%2Fcomments&post=405"}],"version-history":[{"count":2,"href":"https:\/\/acilagroupe.com\/index.php?rest_route=\/wp\/v2\/pages\/405\/revisions"}],"predecessor-version":[{"id":2179,"href":"https:\/\/acilagroupe.com\/index.php?rest_route=\/wp\/v2\/pages\/405\/revisions\/2179"}],"wp:attachment":[{"href":"https:\/\/acilagroupe.com\/index.php?rest_route=%2Fwp%2Fv2%2Fmedia&parent=405"}],"curies":[{"name":"wp","href":"https:\/\/api.w.org\/{rel}","templated":true}]}}