{"id":1740,"date":"2017-01-03T12:01:40","date_gmt":"2017-01-03T12:01:40","guid":{"rendered":"http:\/\/carthage-tech.net\/test\/shehrazad\/nos-produits\/halwa-tahina-nature-2\/"},"modified":"2017-01-03T12:01:40","modified_gmt":"2017-01-03T12:01:40","slug":"halwa-tahina-nature-2","status":"publish","type":"page","link":"https:\/\/acilagroupe.com\/?page_id=1740","title":{"rendered":"Halwa Tahina aux Amandes"},"content":{"rendered":"<div class=\"wpb-content-wrapper\"><p>[vc_row][vc_column width=\u00a0\u00bb1\/2&Prime;][vc_column_text]Halwa Chamia aux amandes : \u00e0 base de saccharose et de Tahina obtenue par m\u00e9lange de 50% au moins de Tahina, une teneur en sucre de 45% (Saccharose et Glucose) et amandes torr\u00e9fi\u00e9es.[\/vc_column_text][vc_tta_accordion style=\u00a0\u00bbmodern\u00a0\u00bb c_icon=\u00a0\u00bbtriangle\u00a0\u00bb active_section=\u00a0\u00bb1&Prime;][vc_tta_section title=\u00a0\u00bbComposition\u00a0\u00bb tab_id=\u00a0\u00bb1483444165194-a48a4ca0-912e\u00a0\u00bb][vc_column_text]S\u00e9same, Saccharose, Sirop de glucose, Mono glyc\u00e9ride (Emulsifiant E471), Extrait de racine saponaire, Acide citrique (E330), Vanilline, 5% d\u2019amandes torr\u00e9fi\u00e9es enti\u00e8res ou fragment\u00e9es minimum.[\/vc_column_text][\/vc_tta_section][vc_tta_section title=\u00a0\u00bbConditionnement &amp; Emballage\u00a0\u00bb tab_id=\u00a0\u00bb1483444165416-9414b71d-6a17&Prime;][vc_column_text]Conditionnement dans des boites en polypropyl\u00e8ne alimentaire, en aluminium ou boite m\u00e9tallique de\u00a0:<\/p>\n<ul>\n<li>100g dans des cartons de 24 pi\u00e8ces<\/li>\n<li>350g dans des cartons de 12 pi\u00e8ces<\/li>\n<li>800g dans des cartons de 12 pi\u00e8ces<\/li>\n<li>5kg dans des cartons de 04 pi\u00e8ces<\/li>\n<\/ul>\n<p>[\/vc_column_text][\/vc_tta_section][vc_tta_section title=\u00a0\u00bbStockage\u00a0\u00bb tab_id=\u00a0\u00bb1483444379697-acbc2985-59d8&Prime;][vc_column_text]A conserver \u00e0 l\u2019abri de l\u2019humidit\u00e9 et de la chaleur \u00e0 une temp\u00e9rature ambiante entre 20\u00b0c et 30\u00b0c.[\/vc_column_text][\/vc_tta_section][vc_tta_section title=\u00a0\u00bbDimensions boites\u00a0\u00bb tab_id=\u00a0\u00bb1484151646087-cdb8bb4c-0ec4&Prime;][vc_single_image image=\u00a0\u00bb2085&Prime; img_size=\u00a0\u00bblarge\u00a0\u00bb css=\u00a0\u00bb\u00a0\u00bb][\/vc_tta_section][vc_tta_section title=\u00a0\u00bbDimensions caisses carton\u00a0\u00bb tab_id=\u00a0\u00bb1484151720060-63adb093-177a\u00a0\u00bb][vc_column_text]<\/p>\n<table width=\"615\" cellspacing=\"0\" cellpadding=\"7\">\n<colgroup>\n<col width=\"220\" \/>\n<col width=\"160\" \/>\n<col width=\"190\" \/> <\/colgroup>\n<tbody>\n<tr>\n<td style=\"background-color: #aaa;\" width=\"220\" height=\"61\">\n<p class=\"western\" lang=\"fr-FR\" align=\"center\"><b>D\u00e9signation<\/b><\/p>\n<\/td>\n<td style=\"background-color: #aaa;\" width=\"160\">\n<p class=\"western\" lang=\"fr-FR\" align=\"center\"><b>Dimension<\/b><\/p>\n<\/td>\n<td style=\"background-color: #aaa;\" width=\"190\">\n<p class=\"western\" lang=\"fr-FR\" align=\"center\"><b>Qte par palette\/finis<\/b><\/p>\n<\/td>\n<\/tr>\n<tr>\n<td width=\"220\" height=\"62\">\n<p class=\"western\" lang=\"fr-FR\" align=\"center\">Caisse carton ondul\u00e9 80 gr<\/p>\n<\/td>\n<td width=\"160\">\n<p class=\"western\" lang=\"fr-FR\" align=\"center\">315x235x800<\/p>\n<\/td>\n<td width=\"190\">\n<p class=\"western\" lang=\"fr-FR\" align=\"center\">280<\/p>\n<\/td>\n<\/tr>\n<tr>\n<td width=\"220\" height=\"62\">\n<p class=\"western\" lang=\"fr-FR\" align=\"center\">Caisse carton ondul\u00e9 350 gr<\/p>\n<\/td>\n<td width=\"160\">\n<p class=\"western\" lang=\"fr-FR\" align=\"center\">315x210x140<\/p>\n<\/td>\n<td width=\"190\">\n<p class=\"western\" lang=\"fr-FR\" align=\"center\">160<\/p>\n<\/td>\n<\/tr>\n<tr>\n<td width=\"220\" height=\"62\">\n<p class=\"western\" lang=\"fr-FR\" align=\"center\">Caisse carton ondul\u00e9 750 gr<\/p>\n<\/td>\n<td width=\"160\">\n<p class=\"western\" lang=\"fr-FR\" align=\"center\">480x320x140<\/p>\n<\/td>\n<td width=\"190\">\n<p class=\"western\" lang=\"fr-FR\" align=\"center\">80<\/p>\n<\/td>\n<\/tr>\n<tr>\n<td width=\"220\" height=\"61\">\n<p class=\"western\" lang=\"fr-FR\" align=\"center\">Caisse carton ondul\u00e9 4.5 kg<\/p>\n<\/td>\n<td width=\"160\">\n<p class=\"western\" lang=\"fr-FR\" align=\"center\">47&#215;23.5&#215;26.5<\/p>\n<\/td>\n<td width=\"190\">\n<p class=\"western\" lang=\"fr-FR\" align=\"center\">50<\/p>\n<\/td>\n<\/tr>\n<\/tbody>\n<\/table>\n<p>[\/vc_column_text][\/vc_tta_section][\/vc_tta_accordion][\/vc_column][vc_column width=\u00a0\u00bb1\/2&Prime;][vc_single_image image=\u00a0\u00bb2049&Prime; img_size=\u00a0\u00bbmedium\u00a0\u00bb alignment=\u00a0\u00bbcenter\u00a0\u00bb css=\u00a0\u00bb\u00a0\u00bb][\/vc_column][\/vc_row]<\/p>\n<\/div>","protected":false},"excerpt":{"rendered":"<p>[vc_row][vc_column width=\u00a0\u00bb1\/2&Prime;][vc_column_text]Halwa Chamia aux amandes : \u00e0 base de saccharose et &#8230; <\/p>\n","protected":false},"author":1,"featured_media":0,"parent":1724,"menu_order":0,"comment_status":"closed","ping_status":"closed","template":"","meta":{"footnotes":""},"class_list":["post-1740","page","type-page","status-publish","hentry"],"_links":{"self":[{"href":"https:\/\/acilagroupe.com\/index.php?rest_route=\/wp\/v2\/pages\/1740","targetHints":{"allow":["GET"]}}],"collection":[{"href":"https:\/\/acilagroupe.com\/index.php?rest_route=\/wp\/v2\/pages"}],"about":[{"href":"https:\/\/acilagroupe.com\/index.php?rest_route=\/wp\/v2\/types\/page"}],"author":[{"embeddable":true,"href":"https:\/\/acilagroupe.com\/index.php?rest_route=\/wp\/v2\/users\/1"}],"replies":[{"embeddable":true,"href":"https:\/\/acilagroupe.com\/index.php?rest_route=%2Fwp%2Fv2%2Fcomments&post=1740"}],"version-history":[{"count":0,"href":"https:\/\/acilagroupe.com\/index.php?rest_route=\/wp\/v2\/pages\/1740\/revisions"}],"up":[{"embeddable":true,"href":"https:\/\/acilagroupe.com\/index.php?rest_route=\/wp\/v2\/pages\/1724"}],"wp:attachment":[{"href":"https:\/\/acilagroupe.com\/index.php?rest_route=%2Fwp%2Fv2%2Fmedia&parent=1740"}],"curies":[{"name":"wp","href":"https:\/\/api.w.org\/{rel}","templated":true}]}}