{"id":1724,"date":"2017-01-03T10:01:27","date_gmt":"2017-01-03T10:01:27","guid":{"rendered":"http:\/\/carthage-tech.net\/test\/shehrazad\/?page_id=1724"},"modified":"2025-12-06T11:40:22","modified_gmt":"2025-12-06T11:40:22","slug":"nos-produits","status":"publish","type":"page","link":"https:\/\/acilagroupe.com\/?page_id=1724","title":{"rendered":"Nos Produits"},"content":{"rendered":"<div class=\"wpb-content-wrapper\"><p>[vc_row][vc_column width=\u00a0\u00bb1\/6&Prime;][\/vc_column][vc_column width=\u00a0\u00bb2\/3&Prime;][vc_column_text css=\u00a0\u00bb\u00a0\u00bb]<\/p>\n<h2 style=\"text-align: center;\"><span style=\"font-weight: 400;\">Halwa Chamia \/ Halva<\/span><\/h2>\n<h5 style=\"text-align: center;\"><span style=\"font-weight: 400;\">Confiserie \u00e0 base de p\u00e2te de s\u00e9same<\/span><\/h5>\n<p>&nbsp;<\/p>\n<p>D&rsquo;origine orientale, la Halwa Tahinia (ou Halwa Chamia) est reconnue comme \u00e9tant l&rsquo;un des produits alimentaires les plus purs et les plus nourrissants.<\/p>\n<p>La Halwa Chamia SHEHRAZAD est produite selon les nobles recettes traditionnelles, avec des \u00e9quipements \u00e0 la pointe de la technologie. Ses ingr\u00e9dients naturels riches en prot\u00e9ines sont finement s\u00e9lectionn\u00e9s afin de lui assurer la meilleure qualit\u00e9 et lui conserver son go\u00fbt exotique ainsi que sa saveur unique.<\/p>\n<p>Source d&rsquo;\u00e9nergie et de vitalit\u00e9, la Halwa Chamia SHEHRAZAD peut \u00eatre consomm\u00e9e \u00e0 n&rsquo;importe quel moment de la journ\u00e9e.<\/p>\n<p>Tartin\u00e9e ou non, elle peut accompagner une tasse de th\u00e9, de caf\u00e9 ou de lait. Elle peut \u00e9galement \u00eatre servie comme go\u00fbter aux enfants ou remplacer un dessert.[\/vc_column_text][\/vc_column][vc_column width=\u00a0\u00bb1\/6&Prime;][\/vc_column][\/vc_row][vc_row][vc_column width=\u00a0\u00bb1\/4&Prime; css=\u00a0\u00bb.vc_custom_1483442566450{padding-left: 5px !important;}\u00a0\u00bb]<a href=\"https:\/\/acilagroupe.com\/?page_id=1731\" title=\"Halwa Tahina Nature\" aria-label=\"Halwa Tahina Nature\"><div id=\"cz_18074\" class=\"cz_18074 services clr style11 services_b\"><div class=\"service_img\"><img decoding=\"async\" width=\"902\" height=\"600\" src=\"data:image\/svg+xml,%3Csvg%20xmlns%3D&#39;http%3A%2F%2Fwww.w3.org%2F2000%2Fsvg&#39;%20width=&#39;902&#39;%20height=&#39;600&#39;%20viewBox%3D&#39;0%200%20902%20600&#39;%2F%3E\" data-czlz data-src=\"https:\/\/acilagroupe.com\/wp-content\/uploads\/2025\/12\/1-1.png\" class=\"service-icon attachment-large\" alt=\"\" title=\"1\" data-srcset=\"https:\/\/acilagroupe.com\/wp-content\/uploads\/2025\/12\/1-1.png 902w, https:\/\/acilagroupe.com\/wp-content\/uploads\/2025\/12\/1-1-300x200.png 300w, https:\/\/acilagroupe.com\/wp-content\/uploads\/2025\/12\/1-1-768x511.png 768w, https:\/\/acilagroupe.com\/wp-content\/uploads\/2025\/12\/1-1-600x399.png 600w\" data-sizes=\"(max-width: 902px) 100vw, 902px\" \/><\/div><div class=\"service_text\"><h3>Halwa Tahina Nature<\/h3><div class=\"cz_wpe_content\">La puret\u00e9 des ingr\u00e9dients, l\u2019originalit\u00e9 du go\u00fbt, d\u00e9j\u00e0 \u00ab Shehrazad Nature \u00bb vous am\u00e8ne au seuil de l\u2019Orient.<\/div><\/div><\/div><\/a>[\/vc_column][vc_column width=\u00a0\u00bb1\/4&Prime; css=\u00a0\u00bb.vc_custom_1483442575334{padding-left: 5px !important;}\u00a0\u00bb]<a href=\"https:\/\/acilagroupe.com\/?page_id=1740\" title=\"Halwa Tahina aux Amandes\" aria-label=\"Halwa Tahina aux Amandes\"><div id=\"cz_15774\" class=\"cz_15774 services clr style11 services_b\"><div class=\"service_img\"><img decoding=\"async\" width=\"619\" height=\"600\" src=\"data:image\/svg+xml,%3Csvg%20xmlns%3D&#39;http%3A%2F%2Fwww.w3.org%2F2000%2Fsvg&#39;%20width=&#39;619&#39;%20height=&#39;600&#39;%20viewBox%3D&#39;0%200%20619%20600&#39;%2F%3E\" data-czlz data-src=\"https:\/\/acilagroupe.com\/wp-content\/uploads\/2025\/12\/6194036800476-e1483437646413-1.png\" class=\"service-icon attachment-large\" alt=\"\" title=\"6194036800476-e1483437646413\" data-srcset=\"https:\/\/acilagroupe.com\/wp-content\/uploads\/2025\/12\/6194036800476-e1483437646413-1.png 619w, https:\/\/acilagroupe.com\/wp-content\/uploads\/2025\/12\/6194036800476-e1483437646413-1-300x291.png 300w, https:\/\/acilagroupe.com\/wp-content\/uploads\/2025\/12\/6194036800476-e1483437646413-1-600x582.png 600w\" data-sizes=\"(max-width: 619px) 100vw, 619px\" \/><\/div><div class=\"service_text\"><h3>Halwa Tahina aux Amandes<\/h3><div class=\"cz_wpe_content\">L\u2019amande est reine et la Halwa Tahina s\u2019en pare comme comme d\u2019une pr\u00e9cieuse \u00e9toffe.<\/div><\/div><\/div><\/a>[\/vc_column][vc_column width=\u00a0\u00bb1\/4&Prime; css=\u00a0\u00bb.vc_custom_1483442589326{padding-left: 5px !important;}\u00a0\u00bb]<a href=\"https:\/\/acilagroupe.com\/?page_id=1743\" title=\"Halwa Tahina au Chocolat\" aria-label=\"Halwa Tahina au Chocolat\"><div id=\"cz_74428\" class=\"cz_74428 services clr style11 services_b\"><div class=\"service_img\"><img decoding=\"async\" width=\"902\" height=\"600\" src=\"data:image\/svg+xml,%3Csvg%20xmlns%3D&#39;http%3A%2F%2Fwww.w3.org%2F2000%2Fsvg&#39;%20width=&#39;902&#39;%20height=&#39;600&#39;%20viewBox%3D&#39;0%200%20902%20600&#39;%2F%3E\" data-czlz data-src=\"https:\/\/acilagroupe.com\/wp-content\/uploads\/2025\/12\/3-1.png\" class=\"service-icon attachment-large\" alt=\"\" title=\"3\" data-srcset=\"https:\/\/acilagroupe.com\/wp-content\/uploads\/2025\/12\/3-1.png 902w, https:\/\/acilagroupe.com\/wp-content\/uploads\/2025\/12\/3-1-300x200.png 300w, https:\/\/acilagroupe.com\/wp-content\/uploads\/2025\/12\/3-1-768x511.png 768w, https:\/\/acilagroupe.com\/wp-content\/uploads\/2025\/12\/3-1-600x399.png 600w\" data-sizes=\"(max-width: 902px) 100vw, 902px\" \/><\/div><div class=\"service_text\"><h3>Halwa Tahina au Chocolat<\/h3><div class=\"cz_wpe_content\">Quand le chocolat entre en jeu, m\u00eal\u00e9 au s\u00e9same torr\u00e9fi\u00e9, la Halwa Tahina se fait fine, devient tendre comme un matin d\u2019avril.<\/div><\/div><\/div><\/a>[\/vc_column][vc_column width=\u00a0\u00bb1\/4&Prime; css=\u00a0\u00bb.vc_custom_1483442605497{padding-left: 5px !important;}\u00a0\u00bb]<a href=\"https:\/\/acilagroupe.com\/?page_id=1747\" title=\"Halwa Tahina Light\" aria-label=\"Halwa Tahina Light\"><div id=\"cz_102783\" class=\"cz_102783 services clr style11 services_b\"><div class=\"service_img\"><img decoding=\"async\" width=\"600\" height=\"600\" src=\"data:image\/svg+xml,%3Csvg%20xmlns%3D&#39;http%3A%2F%2Fwww.w3.org%2F2000%2Fsvg&#39;%20width=&#39;600&#39;%20height=&#39;600&#39;%20viewBox%3D&#39;0%200%20600%20600&#39;%2F%3E\" data-czlz data-src=\"https:\/\/acilagroupe.com\/wp-content\/uploads\/2025\/12\/light-2.png\" class=\"service-icon attachment-large\" alt=\"\" title=\"light\" data-srcset=\"https:\/\/acilagroupe.com\/wp-content\/uploads\/2025\/12\/light-2.png 600w, https:\/\/acilagroupe.com\/wp-content\/uploads\/2025\/12\/light-2-300x300.png 300w, https:\/\/acilagroupe.com\/wp-content\/uploads\/2025\/12\/light-2-150x150.png 150w\" data-sizes=\"(max-width: 600px) 100vw, 600px\" \/><\/div><div class=\"service_text\"><h3>Halwa Tahina Light<\/h3><div class=\"cz_wpe_content\">Quand la texture se fait tendre et que le go\u00fbt sans sucre soigne ses ar\u00f4mes.<\/div><\/div><\/div><\/a>[\/vc_column][\/vc_row]<\/p>\n<\/div>","protected":false},"excerpt":{"rendered":"<p>[vc_row][vc_column width=\u00a0\u00bb1\/6&Prime;][\/vc_column][vc_column width=\u00a0\u00bb2\/3&Prime;][vc_column_text css=\u00a0\u00bb\u00a0\u00bb] Halwa Chamia \/ Halva Confiserie \u00e0 base &#8230; <\/p>\n","protected":false},"author":1,"featured_media":0,"parent":0,"menu_order":0,"comment_status":"closed","ping_status":"closed","template":"","meta":{"footnotes":""},"class_list":["post-1724","page","type-page","status-publish","hentry"],"_links":{"self":[{"href":"https:\/\/acilagroupe.com\/index.php?rest_route=\/wp\/v2\/pages\/1724","targetHints":{"allow":["GET"]}}],"collection":[{"href":"https:\/\/acilagroupe.com\/index.php?rest_route=\/wp\/v2\/pages"}],"about":[{"href":"https:\/\/acilagroupe.com\/index.php?rest_route=\/wp\/v2\/types\/page"}],"author":[{"embeddable":true,"href":"https:\/\/acilagroupe.com\/index.php?rest_route=\/wp\/v2\/users\/1"}],"replies":[{"embeddable":true,"href":"https:\/\/acilagroupe.com\/index.php?rest_route=%2Fwp%2Fv2%2Fcomments&post=1724"}],"version-history":[{"count":2,"href":"https:\/\/acilagroupe.com\/index.php?rest_route=\/wp\/v2\/pages\/1724\/revisions"}],"predecessor-version":[{"id":2181,"href":"https:\/\/acilagroupe.com\/index.php?rest_route=\/wp\/v2\/pages\/1724\/revisions\/2181"}],"wp:attachment":[{"href":"https:\/\/acilagroupe.com\/index.php?rest_route=%2Fwp%2Fv2%2Fmedia&parent=1724"}],"curies":[{"name":"wp","href":"https:\/\/api.w.org\/{rel}","templated":true}]}}